{"id":620,"date":"2022-03-07T12:49:38","date_gmt":"2022-03-07T11:49:38","guid":{"rendered":"https:\/\/murimuribeauty.com\/2022\/kampania\/"},"modified":"2024-10-11T10:31:18","modified_gmt":"2024-10-11T08:31:18","slug":"kampania","status":"publish","type":"page","link":"https:\/\/murimuribeauty.com\/en\/","title":{"rendered":"Kampania"},"content":{"rendered":"\n<div class=\"slajdy3\"><div class=\"two\"><div class=\"gallery-inner-container\" data-media=\"right\"><video class=\"slide_item\" muted playsinline data-mediaid=\"2657\" data-type=\"video\"><source type=\"video\/mp4\" src=\"https:\/\/murimuribeauty.com\/wp-content\/uploads\/2024\/10\/Muri-Muri-Beauty-Intro.mov\"\/><\/video><\/div><\/div><\/div>\n\n\n    <section id=\"o-marce-home\" class=\"relative grid flex-col grid-cols-1 grid-rows-1 overflow-hidden text-center bg-white md:grid-rows-1 md:grid-cols-2 md:flex-row font-opis\">\n\n    <div class=\"flex items-center justify-center w-full NOT_md:w-1\/2 home-opis\">\n        <div data-aos=\"fade-up2\" data-aos-anchor-placement=\"top-center\" class=\"max-w-xl px-8 py-16 NOT_pt-8 NOT_md:py-16 md:px-6\">\n            <h2 class=\"pb-8 font-serif _text-4xl obsa \" style=\"line-height: 1.2em\">\n                Muri \u7121\u7406 - unachievable            <\/h2>\n            <p class=\"leading-6 NOT_text-sm obsa\" data-style=\"transition-delay: .7s\">\n                We strive to achieve the impossible. With an innovative approach to beauty, quality and attention to detail, we gain more and more customers who fall in love with our products.                 <br><br>\n                It is not only our make-up brushes that have won the hearts of the world's best make-up artists, but also our unique skincare products and exceptional fragrances that no one can ignore.                  <br><br>\n                We take what is best from nature and combine it with years of experience in the beauty industry. We are delighted that you are part of the MURI MURI family!            <\/p>\n        <\/div>\n    <\/div>\n    <picture>\n        <source srcset=\"https:\/\/murimuribeauty.com\/wp-content\/themes\/MuriMuri\/static\/home\/about01.jpg\" media=\"(max-width: 768px)\">\n        <img decoding=\"async\" class=\"top-0 left-0 hidden object-cover w-full h-full NOT_absolute md:block\" src=\"https:\/\/murimuribeauty.com\/wp-content\/themes\/MuriMuri\/static\/home\/about01.jpg\" alt=\"\">\n    <\/picture>\n<\/section>\n\n\n\n<section id=\"o-marce\" class=\"flex flex-col md:flex-row bg-black md:bg-[#818182] overflow-hidden relative text-center font-opis\">\n    <picture>\n        <source srcset=\"https:\/\/murimuribeauty.com\/wp-content\/themes\/MuriMuri\/static\/home\/2m.jpg\" media=\"(max-width: 768px)\">\n        <img decoding=\"async\" class=\"top-0 left-0 w-full NOT_absolute\" src=\"https:\/\/murimuribeauty.com\/wp-content\/themes\/MuriMuri\/static\/home\/2.jpg\" alt=\"\">\n    <\/picture>\n    <div class=\"flex md:w-1\/2 mt-[-60%] md:mt-0 justify-center md:absolute text-white home-opis opis-1\">\n        <div data-aos=\"fade-up2\" data-aos-anchor-placement=\"top-center\" class=\"max-w-xl px-8 pb-16 pr-8 NOT_pt-8 md:py-16 md:px-2\">\n            <h2 class=\"pb-8 font-serif NTO_text-4xl obsa \" style=\"line-height: 1.2em\">\n                Designed by<br>\nMakeup Artist            <\/h2>\n            <p class=\"leading-6 NOT_text-sm obsa\" data-style=\"transition-delay: .7s\">\n                MURI MURI was founded by Adrian Swiderski, a world class makeup artist working with many leading fashion and beauty magazines including Vogue, Harper\u2019s Bazaar, L\u2019Officiel, Num\u00e9ro, among many others.                 <br><br>\n                Adrian began his career as a fashion model for some of the world\u2019s best-known brands, including Yohji Yamamoto and Comms des Garcons, however he soon realised that with his love of art and creativity his true passion lay on the other side of the camera.                 <br><br>\n                His work with some of the most influential photographers has led to an ever-growing list of celebrity clients including Nicole Scherzinger, Paris Hilton, Ewan McGregor and Adam Lambert.                <br><br>\n                He has been the leading makeup artist for popular TV shows like The Voice, Dancing with the Stars, So You Think You Can Dance and more.            <\/p>\n        <\/div>\n    <\/div>\n<\/section>\n\n\n<section id=\"pedzle_link\" class=\"home_sec\">\n    <picture>\n        <source srcset=\"https:\/\/murimuribeauty.com\/wp-content\/themes\/MuriMuri\/static\/home\/brushes-mobile.jpg\" media=\"(max-width: 768px)\">\n\n        <img decoding=\"async\" class=\"block object-cover w-full\" src=\"https:\/\/murimuribeauty.com\/wp-content\/themes\/MuriMuri\/static\/home\/brushes.jpg\" style=\"min-height: 600px\" alt=\"\">\n    <\/picture>\n    <div class=\"wrap\">\n        <div class=\"content\">\n            <!-- <h2>makeup brushes<\/h2> -->\n            <h2>makeup brushes<\/h2>\n            <a href=\"https:\/\/murimuribeauty.com\/en\/brushes\/\" class=\"btn btn-white\">\n                EXPLORE MORE            <\/a>\n        <\/div>\n    <\/div>\n<\/section>\n\n\n<section id=\"skincare\" class=\"home_sec\">\n    <img decoding=\"async\" data-data-aos=\"blur\" data-aos-duration=\"2000\" data-aos-offset=\"-200\" data-aos-easing=\"ease-in-out\" data-aos-anchor-placement=\"center-center\" class=\"block object-cover w-full\" src=\"https:\/\/murimuribeauty.com\/wp-content\/themes\/MuriMuri\/static\/home\/05.jpg\" style=\"min-height: 600px\" alt=\"\">\n    <div class=\"wrap\">\n        <div class=\"content\">\n            <h2>skincare<\/h2>\n            <a href=\"https:\/\/murimuribeauty.com\/en\/skincare\/\" class=\"btn btn-white\">\n                EXPLORE MORE            <\/a>\n        <\/div>\n    <\/div>\n\n<\/section>\n\n<section id=\"fragrance\" class=\"obso obs-gray\">\n    <picture>\n        <source srcset=\"https:\/\/murimuribeauty.com\/wp-content\/themes\/MuriMuri\/static\/home\/fragrance-phone.jpg\" media=\"(max-width: 750px)\">\n        <img decoding=\"async\" data-aos=\"gray\" class=\"block object-cover w-full\" src=\"https:\/\/murimuribeauty.com\/wp-content\/themes\/MuriMuri\/static\/home\/fragrance.jpg\" style=\"min-height: 600px\" alt=\"\">\n    <\/picture>\n<\/section>\n\n\n<section id=\"studio\" class=\"flex bg-[#fef8fa] items-start overflow-hidden relative text-center font-opis\" style=\"min-height: 700px\">\n\n    <picture>\n        <source srcset=\"https:\/\/murimuribeauty.com\/wp-content\/themes\/MuriMuri\/static\/home\/07m.jpg\" media=\"(max-width: 750px)\">\n        <img decoding=\"async\" class=\"top-0 left-0 block object-cover w-full obsa obs-front-img\" style=\"min-height: 700px\" src=\"https:\/\/murimuribeauty.com\/wp-content\/themes\/MuriMuri\/static\/home\/07.jpg\" alt=\"\">\n    <\/picture>\n    <div class=\"absolute flex justify-center text-center NOT_w-1\/3 home-opis opis-6\" data-style=\"top: 5%; left: -1%\">\n        <div data-aos=\"fade-up2\" data-aos-anchor-placement=\"bottom-bottom\" class=\"max-w-lg p-8 obsa\">\n            <h2 class=\"pb-3 font-serif NOT_text-4xl\">\n                Muri Muri Studio\n            <\/h2>\n            <p class=\"max-w-md leading-6 NOT_text-sm\">\n                Odkryj sekrety przygotowa\u0144 na \u201eCzerwony Dywan\u201d dzi\u0119ki profesjonalnym wskaz\u00f3wkom i trikom makija\u017cysty, Adriana \u015awiderskiego. Znajd\u017a swoje idealne rozwi\u0105zania i sprawd\u017a pe\u0142n\u0105 ofert\u0119 marki.\n                Um\u00f3w si\u0119 na wizyt\u0119:                <a href=\"mailto:studio@murimuribeauty.com\">studio@murimuribeauty.com<\/a>\n            <\/p>\n        <\/div>\n    <\/div>\n<\/section>\n<section class=\"flex bg-[#fef8fa] items-start overflow-hidden relative text-center font-opis\" style=\"min-height: 700px\">\n\n    <picture>\n        <source srcset=\"https:\/\/murimuribeauty.com\/wp-content\/themes\/MuriMuri\/static\/home\/06m.jpg\" media=\"(max-width: 750px)\">\n        <img decoding=\"async\" class=\"top-0 left-0 block object-cover w-full obsa obs-front-img\" style=\"min-height: 700px\" src=\"https:\/\/murimuribeauty.com\/wp-content\/themes\/MuriMuri\/static\/home\/06.jpg\" alt=\"\">\n    <\/picture>\n    <div class=\"absolute flex justify-center text-center NOT_w-1\/3 home-opis opis-5\">\n        <div data-aos=\"fade-up\" data-aos-anchor-placement=\"bottom-bottom\" class=\"max-w-lg p-8 obsa\">\n            <p class=\"leading-6 \">\n                Stefana Okrzei 12\/63<br>\n                03-710 Warszawa<br>\n                Poland            <\/p>\n        <\/div>\n    <\/div>\n<\/section>\n\n\n\n\n<div class=\"wp-block-group muri_face is-layout-constrained wp-block-group-is-layout-constrained\">\n<div class=\"wp-block-group is-vertical is-content-justification-center is-layout-flex wp-container-core-group-is-layout-4b2eccd6 wp-block-group-is-layout-flex\">\n<h3 class=\"wp-block-heading has-text-align-center\"><a href=\"https:\/\/instagram.com\/murimuribeauty\/\" target=\"_blank\" rel=\"noreferrer noopener\">#MURIFACE<\/a><\/h3>\n\n\n\n<figure class=\"wp-block-gallery has-nested-images columns-4 is-cropped wp-block-gallery-1 is-layout-flex wp-block-gallery-is-layout-flex\">\n<figure class=\"wp-block-image size-large\"><a href=\"https:\/\/instagram.com\/murimuribeauty\/\" target=\"_blank\" rel=\"noreferrer noopener\"><img loading=\"lazy\" decoding=\"async\" width=\"1000\" height=\"1000\" data-id=\"2407\" src=\"https:\/\/murimuribeauty.com\/wp-content\/uploads\/2024\/01\/newsletter-01.jpg\" alt=\"\" class=\"wp-image-2407\" srcset=\"https:\/\/murimuribeauty.com\/wp-content\/uploads\/2024\/01\/newsletter-01.jpg 1000w, https:\/\/murimuribeauty.com\/wp-content\/uploads\/2024\/01\/newsletter-01-800x800.jpg 800w, https:\/\/murimuribeauty.com\/wp-content\/uploads\/2024\/01\/newsletter-01-200x200.jpg 200w, https:\/\/murimuribeauty.com\/wp-content\/uploads\/2024\/01\/newsletter-01-768x768.jpg 768w, https:\/\/murimuribeauty.com\/wp-content\/uploads\/2024\/01\/newsletter-01-220x220.jpg 220w, https:\/\/murimuribeauty.com\/wp-content\/uploads\/2024\/01\/newsletter-01-600x600.jpg 600w, https:\/\/murimuribeauty.com\/wp-content\/uploads\/2024\/01\/newsletter-01-100x100.jpg 100w\" sizes=\"auto, (max-width: 1000px) 100vw, 1000px\" \/><\/a><\/figure>\n\n\n\n<figure class=\"wp-block-image size-large\"><a href=\"https:\/\/instagram.com\/murimuribeauty\/\" target=\"_blank\" rel=\"noreferrer noopener\"><img loading=\"lazy\" decoding=\"async\" width=\"750\" height=\"1000\" data-id=\"2265\" src=\"https:\/\/murimuribeauty.com\/wp-content\/uploads\/2023\/12\/skin-harmony.jpg\" alt=\"\" class=\"wp-image-2265\" srcset=\"https:\/\/murimuribeauty.com\/wp-content\/uploads\/2023\/12\/skin-harmony.jpg 750w, https:\/\/murimuribeauty.com\/wp-content\/uploads\/2023\/12\/skin-harmony-600x800.jpg 600w, https:\/\/murimuribeauty.com\/wp-content\/uploads\/2023\/12\/skin-harmony-150x200.jpg 150w, https:\/\/murimuribeauty.com\/wp-content\/uploads\/2023\/12\/skin-harmony-220x293.jpg 220w\" sizes=\"auto, (max-width: 750px) 100vw, 750px\" \/><\/a><\/figure>\n\n\n\n<figure class=\"wp-block-image size-large\"><a href=\"https:\/\/instagram.com\/murimuribeauty\/\" target=\"_blank\" rel=\"noreferrer noopener\"><img loading=\"lazy\" decoding=\"async\" width=\"1143\" height=\"1600\" data-id=\"2213\" src=\"https:\/\/murimuribeauty.com\/wp-content\/uploads\/2023\/11\/skincare-05-1.jpg\" alt=\"\" class=\"wp-image-2213\" srcset=\"https:\/\/murimuribeauty.com\/wp-content\/uploads\/2023\/11\/skincare-05-1.jpg 1143w, https:\/\/murimuribeauty.com\/wp-content\/uploads\/2023\/11\/skincare-05-1-572x800.jpg 572w, https:\/\/murimuribeauty.com\/wp-content\/uploads\/2023\/11\/skincare-05-1-143x200.jpg 143w, https:\/\/murimuribeauty.com\/wp-content\/uploads\/2023\/11\/skincare-05-1-768x1075.jpg 768w, https:\/\/murimuribeauty.com\/wp-content\/uploads\/2023\/11\/skincare-05-1-1097x1536.jpg 1097w, https:\/\/murimuribeauty.com\/wp-content\/uploads\/2023\/11\/skincare-05-1-220x308.jpg 220w, https:\/\/murimuribeauty.com\/wp-content\/uploads\/2023\/11\/skincare-05-1-600x840.jpg 600w\" sizes=\"auto, (max-width: 1143px) 100vw, 1143px\" \/><\/a><\/figure>\n\n\n\n<figure class=\"wp-block-image size-large\"><a href=\"https:\/\/instagram.com\/murimuribeauty\/\" target=\"_blank\" rel=\"noreferrer noopener\"><img loading=\"lazy\" decoding=\"async\" width=\"800\" height=\"1000\" data-id=\"2141\" src=\"https:\/\/murimuribeauty.com\/wp-content\/uploads\/2023\/10\/c-miracle-02.jpg\" alt=\"\" class=\"wp-image-2141\" srcset=\"https:\/\/murimuribeauty.com\/wp-content\/uploads\/2023\/10\/c-miracle-02.jpg 800w, https:\/\/murimuribeauty.com\/wp-content\/uploads\/2023\/10\/c-miracle-02-640x800.jpg 640w, https:\/\/murimuribeauty.com\/wp-content\/uploads\/2023\/10\/c-miracle-02-160x200.jpg 160w, https:\/\/murimuribeauty.com\/wp-content\/uploads\/2023\/10\/c-miracle-02-768x960.jpg 768w, https:\/\/murimuribeauty.com\/wp-content\/uploads\/2023\/10\/c-miracle-02-220x275.jpg 220w, https:\/\/murimuribeauty.com\/wp-content\/uploads\/2023\/10\/c-miracle-02-600x750.jpg 600w\" sizes=\"auto, (max-width: 800px) 100vw, 800px\" \/><\/a><\/figure>\n\n\n\n<figure class=\"wp-block-image size-large\"><a href=\"https:\/\/instagram.com\/murimuribeauty\/\" target=\"_blank\" rel=\"noreferrer noopener\"><img loading=\"lazy\" decoding=\"async\" width=\"800\" height=\"1000\" data-id=\"2118\" src=\"https:\/\/murimuribeauty.com\/wp-content\/uploads\/2022\/07\/skin-perfection-05-1.jpg\" alt=\"\" class=\"wp-image-2118\" srcset=\"https:\/\/murimuribeauty.com\/wp-content\/uploads\/2022\/07\/skin-perfection-05-1.jpg 800w, https:\/\/murimuribeauty.com\/wp-content\/uploads\/2022\/07\/skin-perfection-05-1-640x800.jpg 640w, https:\/\/murimuribeauty.com\/wp-content\/uploads\/2022\/07\/skin-perfection-05-1-160x200.jpg 160w, https:\/\/murimuribeauty.com\/wp-content\/uploads\/2022\/07\/skin-perfection-05-1-768x960.jpg 768w, https:\/\/murimuribeauty.com\/wp-content\/uploads\/2022\/07\/skin-perfection-05-1-220x275.jpg 220w, https:\/\/murimuribeauty.com\/wp-content\/uploads\/2022\/07\/skin-perfection-05-1-600x750.jpg 600w\" sizes=\"auto, (max-width: 800px) 100vw, 800px\" \/><\/a><\/figure>\n\n\n\n<figure class=\"wp-block-image size-large\"><a href=\"https:\/\/instagram.com\/murimuribeauty\/\" target=\"_blank\" rel=\"noreferrer noopener\"><img loading=\"lazy\" decoding=\"async\" width=\"1143\" height=\"1600\" data-id=\"2167\" src=\"https:\/\/murimuribeauty.com\/wp-content\/uploads\/2023\/11\/skincare-02-1.jpg\" alt=\"\" class=\"wp-image-2167\" srcset=\"https:\/\/murimuribeauty.com\/wp-content\/uploads\/2023\/11\/skincare-02-1.jpg 1143w, https:\/\/murimuribeauty.com\/wp-content\/uploads\/2023\/11\/skincare-02-1-572x800.jpg 572w, https:\/\/murimuribeauty.com\/wp-content\/uploads\/2023\/11\/skincare-02-1-143x200.jpg 143w, https:\/\/murimuribeauty.com\/wp-content\/uploads\/2023\/11\/skincare-02-1-768x1075.jpg 768w, https:\/\/murimuribeauty.com\/wp-content\/uploads\/2023\/11\/skincare-02-1-1097x1536.jpg 1097w, https:\/\/murimuribeauty.com\/wp-content\/uploads\/2023\/11\/skincare-02-1-220x308.jpg 220w, https:\/\/murimuribeauty.com\/wp-content\/uploads\/2023\/11\/skincare-02-1-600x840.jpg 600w\" sizes=\"auto, (max-width: 1143px) 100vw, 1143px\" \/><\/a><\/figure>\n\n\n\n<figure class=\"wp-block-image size-large\"><a href=\"https:\/\/instagram.com\/murimuribeauty\/\" target=\"_blank\" rel=\"noreferrer noopener\"><img loading=\"lazy\" decoding=\"async\" width=\"800\" height=\"1000\" data-id=\"2112\" src=\"https:\/\/murimuribeauty.com\/wp-content\/uploads\/2022\/07\/skin-perfection-02.jpg\" alt=\"\" class=\"wp-image-2112\" srcset=\"https:\/\/murimuribeauty.com\/wp-content\/uploads\/2022\/07\/skin-perfection-02.jpg 800w, https:\/\/murimuribeauty.com\/wp-content\/uploads\/2022\/07\/skin-perfection-02-640x800.jpg 640w, https:\/\/murimuribeauty.com\/wp-content\/uploads\/2022\/07\/skin-perfection-02-160x200.jpg 160w, https:\/\/murimuribeauty.com\/wp-content\/uploads\/2022\/07\/skin-perfection-02-768x960.jpg 768w, https:\/\/murimuribeauty.com\/wp-content\/uploads\/2022\/07\/skin-perfection-02-220x275.jpg 220w, https:\/\/murimuribeauty.com\/wp-content\/uploads\/2022\/07\/skin-perfection-02-600x750.jpg 600w\" sizes=\"auto, (max-width: 800px) 100vw, 800px\" \/><\/a><\/figure>\n\n\n\n<figure class=\"wp-block-image size-large\"><a href=\"https:\/\/instagram.com\/murimuribeauty\/\" target=\"_blank\" rel=\"noreferrer noopener\"><img loading=\"lazy\" decoding=\"async\" width=\"800\" height=\"1000\" data-id=\"2116\" src=\"https:\/\/murimuribeauty.com\/wp-content\/uploads\/2022\/07\/skin-perfection-04.jpg\" alt=\"\" class=\"wp-image-2116\" srcset=\"https:\/\/murimuribeauty.com\/wp-content\/uploads\/2022\/07\/skin-perfection-04.jpg 800w, https:\/\/murimuribeauty.com\/wp-content\/uploads\/2022\/07\/skin-perfection-04-640x800.jpg 640w, https:\/\/murimuribeauty.com\/wp-content\/uploads\/2022\/07\/skin-perfection-04-160x200.jpg 160w, https:\/\/murimuribeauty.com\/wp-content\/uploads\/2022\/07\/skin-perfection-04-768x960.jpg 768w, https:\/\/murimuribeauty.com\/wp-content\/uploads\/2022\/07\/skin-perfection-04-220x275.jpg 220w, https:\/\/murimuribeauty.com\/wp-content\/uploads\/2022\/07\/skin-perfection-04-600x750.jpg 600w\" sizes=\"auto, (max-width: 800px) 100vw, 800px\" \/><\/a><\/figure>\n<\/figure>\n<\/div>\n<\/div>\n","protected":false},"excerpt":{"rendered":"<p>#MURIFACE<\/p>\n","protected":false},"author":1,"featured_media":0,"parent":0,"menu_order":0,"comment_status":"closed","ping_status":"closed","template":"templates\/page-home.php","meta":{"footnotes":""},"class_list":["post-620","page","type-page","status-publish","hentry"],"yoast_head":"<!-- This site is optimized with the Yoast SEO plugin v27.4 - https:\/\/yoast.com\/product\/yoast-seo-wordpress\/ -->\n<title>Kampania - Muri Muri Beauty<\/title>\n<meta name=\"robots\" content=\"index, follow, max-snippet:-1, max-image-preview:large, max-video-preview:-1\" \/>\n<link rel=\"canonical\" href=\"https:\/\/murimuribeauty.com\/en\/\" \/>\n<meta property=\"og:locale\" content=\"en_US\" \/>\n<meta property=\"og:type\" content=\"article\" \/>\n<meta property=\"og:title\" content=\"Kampania - Muri Muri Beauty\" \/>\n<meta property=\"og:description\" content=\"#MURIFACE\" \/>\n<meta property=\"og:url\" content=\"https:\/\/murimuribeauty.com\/en\/\" \/>\n<meta property=\"og:site_name\" content=\"Muri Muri Beauty\" \/>\n<meta property=\"article:publisher\" content=\"https:\/\/pl-pl.facebook.com\/murimuribeauty\/\" \/>\n<meta property=\"article:modified_time\" content=\"2024-10-11T08:31:18+00:00\" \/>\n<meta property=\"og:image\" content=\"https:\/\/murimuribeauty.com\/wp-content\/uploads\/2024\/01\/newsletter-01.jpg\" \/>\n<meta name=\"twitter:card\" content=\"summary_large_image\" \/>\n<script type=\"application\/ld+json\" class=\"yoast-schema-graph\">{\"@context\":\"https:\\\/\\\/schema.org\",\"@graph\":[{\"@type\":\"WebPage\",\"@id\":\"https:\\\/\\\/murimuribeauty.com\\\/en\\\/\",\"url\":\"https:\\\/\\\/murimuribeauty.com\\\/en\\\/\",\"name\":\"Kampania - Muri Muri Beauty\",\"isPartOf\":{\"@id\":\"https:\\\/\\\/murimuribeauty.com\\\/en\\\/#website\"},\"primaryImageOfPage\":{\"@id\":\"https:\\\/\\\/murimuribeauty.com\\\/en\\\/#primaryimage\"},\"image\":{\"@id\":\"https:\\\/\\\/murimuribeauty.com\\\/en\\\/#primaryimage\"},\"thumbnailUrl\":\"https:\\\/\\\/murimuribeauty.com\\\/wp-content\\\/uploads\\\/2024\\\/01\\\/newsletter-01.jpg\",\"datePublished\":\"2022-03-07T11:49:38+00:00\",\"dateModified\":\"2024-10-11T08:31:18+00:00\",\"breadcrumb\":{\"@id\":\"https:\\\/\\\/murimuribeauty.com\\\/en\\\/#breadcrumb\"},\"inLanguage\":\"en-US\",\"potentialAction\":[{\"@type\":\"ReadAction\",\"target\":[\"https:\\\/\\\/murimuribeauty.com\\\/en\\\/\"]}]},{\"@type\":\"ImageObject\",\"inLanguage\":\"en-US\",\"@id\":\"https:\\\/\\\/murimuribeauty.com\\\/en\\\/#primaryimage\",\"url\":\"https:\\\/\\\/murimuribeauty.com\\\/wp-content\\\/uploads\\\/2024\\\/01\\\/newsletter-01.jpg\",\"contentUrl\":\"https:\\\/\\\/murimuribeauty.com\\\/wp-content\\\/uploads\\\/2024\\\/01\\\/newsletter-01.jpg\"},{\"@type\":\"BreadcrumbList\",\"@id\":\"https:\\\/\\\/murimuribeauty.com\\\/en\\\/#breadcrumb\",\"itemListElement\":[{\"@type\":\"ListItem\",\"position\":1,\"name\":\"Strona g\u0142\u00f3wna\",\"item\":\"https:\\\/\\\/murimuribeauty.com\\\/en\\\/\"},{\"@type\":\"ListItem\",\"position\":2,\"name\":\"Kampania\"}]},{\"@type\":\"WebSite\",\"@id\":\"https:\\\/\\\/murimuribeauty.com\\\/en\\\/#website\",\"url\":\"https:\\\/\\\/murimuribeauty.com\\\/en\\\/\",\"name\":\"Muri Muri Beauty\",\"description\":\"\",\"publisher\":{\"@id\":\"https:\\\/\\\/murimuribeauty.com\\\/en\\\/#organization\"},\"potentialAction\":[{\"@type\":\"SearchAction\",\"target\":{\"@type\":\"EntryPoint\",\"urlTemplate\":\"https:\\\/\\\/murimuribeauty.com\\\/en\\\/?s={search_term_string}\"},\"query-input\":{\"@type\":\"PropertyValueSpecification\",\"valueRequired\":true,\"valueName\":\"search_term_string\"}}],\"inLanguage\":\"en-US\"},{\"@type\":\"Organization\",\"@id\":\"https:\\\/\\\/murimuribeauty.com\\\/en\\\/#organization\",\"name\":\"Muri Muri Beauty\",\"url\":\"https:\\\/\\\/murimuribeauty.com\\\/en\\\/\",\"logo\":{\"@type\":\"ImageObject\",\"inLanguage\":\"en-US\",\"@id\":\"https:\\\/\\\/murimuribeauty.com\\\/en\\\/#\\\/schema\\\/logo\\\/image\\\/\",\"url\":\"https:\\\/\\\/murimuribeauty.com\\\/wp-content\\\/uploads\\\/2022\\\/03\\\/logo-black.png\",\"contentUrl\":\"https:\\\/\\\/murimuribeauty.com\\\/wp-content\\\/uploads\\\/2022\\\/03\\\/logo-black.png\",\"width\":80,\"height\":80,\"caption\":\"Muri Muri Beauty\"},\"image\":{\"@id\":\"https:\\\/\\\/murimuribeauty.com\\\/en\\\/#\\\/schema\\\/logo\\\/image\\\/\"},\"sameAs\":[\"https:\\\/\\\/pl-pl.facebook.com\\\/murimuribeauty\\\/\",\"https:\\\/\\\/www.instagram.com\\\/murimuribeauty\\\/\"]}]}<\/script>\n<!-- \/ Yoast SEO plugin. -->","yoast_head_json":{"title":"Kampania - Muri Muri Beauty","robots":{"index":"index","follow":"follow","max-snippet":"max-snippet:-1","max-image-preview":"max-image-preview:large","max-video-preview":"max-video-preview:-1"},"canonical":"https:\/\/murimuribeauty.com\/en\/","og_locale":"en_US","og_type":"article","og_title":"Kampania - Muri Muri Beauty","og_description":"#MURIFACE","og_url":"https:\/\/murimuribeauty.com\/en\/","og_site_name":"Muri Muri Beauty","article_publisher":"https:\/\/pl-pl.facebook.com\/murimuribeauty\/","article_modified_time":"2024-10-11T08:31:18+00:00","og_image":[{"url":"https:\/\/murimuribeauty.com\/wp-content\/uploads\/2024\/01\/newsletter-01.jpg","type":"","width":"","height":""}],"twitter_card":"summary_large_image","schema":{"@context":"https:\/\/schema.org","@graph":[{"@type":"WebPage","@id":"https:\/\/murimuribeauty.com\/en\/","url":"https:\/\/murimuribeauty.com\/en\/","name":"Kampania - Muri Muri Beauty","isPartOf":{"@id":"https:\/\/murimuribeauty.com\/en\/#website"},"primaryImageOfPage":{"@id":"https:\/\/murimuribeauty.com\/en\/#primaryimage"},"image":{"@id":"https:\/\/murimuribeauty.com\/en\/#primaryimage"},"thumbnailUrl":"https:\/\/murimuribeauty.com\/wp-content\/uploads\/2024\/01\/newsletter-01.jpg","datePublished":"2022-03-07T11:49:38+00:00","dateModified":"2024-10-11T08:31:18+00:00","breadcrumb":{"@id":"https:\/\/murimuribeauty.com\/en\/#breadcrumb"},"inLanguage":"en-US","potentialAction":[{"@type":"ReadAction","target":["https:\/\/murimuribeauty.com\/en\/"]}]},{"@type":"ImageObject","inLanguage":"en-US","@id":"https:\/\/murimuribeauty.com\/en\/#primaryimage","url":"https:\/\/murimuribeauty.com\/wp-content\/uploads\/2024\/01\/newsletter-01.jpg","contentUrl":"https:\/\/murimuribeauty.com\/wp-content\/uploads\/2024\/01\/newsletter-01.jpg"},{"@type":"BreadcrumbList","@id":"https:\/\/murimuribeauty.com\/en\/#breadcrumb","itemListElement":[{"@type":"ListItem","position":1,"name":"Strona g\u0142\u00f3wna","item":"https:\/\/murimuribeauty.com\/en\/"},{"@type":"ListItem","position":2,"name":"Kampania"}]},{"@type":"WebSite","@id":"https:\/\/murimuribeauty.com\/en\/#website","url":"https:\/\/murimuribeauty.com\/en\/","name":"Muri Muri Beauty","description":"","publisher":{"@id":"https:\/\/murimuribeauty.com\/en\/#organization"},"potentialAction":[{"@type":"SearchAction","target":{"@type":"EntryPoint","urlTemplate":"https:\/\/murimuribeauty.com\/en\/?s={search_term_string}"},"query-input":{"@type":"PropertyValueSpecification","valueRequired":true,"valueName":"search_term_string"}}],"inLanguage":"en-US"},{"@type":"Organization","@id":"https:\/\/murimuribeauty.com\/en\/#organization","name":"Muri Muri Beauty","url":"https:\/\/murimuribeauty.com\/en\/","logo":{"@type":"ImageObject","inLanguage":"en-US","@id":"https:\/\/murimuribeauty.com\/en\/#\/schema\/logo\/image\/","url":"https:\/\/murimuribeauty.com\/wp-content\/uploads\/2022\/03\/logo-black.png","contentUrl":"https:\/\/murimuribeauty.com\/wp-content\/uploads\/2022\/03\/logo-black.png","width":80,"height":80,"caption":"Muri Muri Beauty"},"image":{"@id":"https:\/\/murimuribeauty.com\/en\/#\/schema\/logo\/image\/"},"sameAs":["https:\/\/pl-pl.facebook.com\/murimuribeauty\/","https:\/\/www.instagram.com\/murimuribeauty\/"]}]}},"_links":{"self":[{"href":"https:\/\/murimuribeauty.com\/en\/wp-json\/wp\/v2\/pages\/620","targetHints":{"allow":["GET"]}}],"collection":[{"href":"https:\/\/murimuribeauty.com\/en\/wp-json\/wp\/v2\/pages"}],"about":[{"href":"https:\/\/murimuribeauty.com\/en\/wp-json\/wp\/v2\/types\/page"}],"author":[{"embeddable":true,"href":"https:\/\/murimuribeauty.com\/en\/wp-json\/wp\/v2\/users\/1"}],"replies":[{"embeddable":true,"href":"https:\/\/murimuribeauty.com\/en\/wp-json\/wp\/v2\/comments?post=620"}],"version-history":[{"count":0,"href":"https:\/\/murimuribeauty.com\/en\/wp-json\/wp\/v2\/pages\/620\/revisions"}],"wp:attachment":[{"href":"https:\/\/murimuribeauty.com\/en\/wp-json\/wp\/v2\/media?parent=620"}],"curies":[{"name":"wp","href":"https:\/\/api.w.org\/{rel}","templated":true}]}}